{"id":2,"date":"2022-07-29T20:15:04","date_gmt":"2022-07-29T20:15:04","guid":{"rendered":"https:\/\/ministeriosayo.org\/grupos\/?page_id=2"},"modified":"2022-08-01T09:52:48","modified_gmt":"2022-08-01T14:52:48","slug":"sample-page","status":"publish","type":"page","link":"https:\/\/ministeriosayo.org\/grupos\/","title":{"rendered":"Inicio"},"content":{"rendered":"\n<p class=\"has-medium-font-size\">\u00a1Bienvenido! Al espacio en l\u00ednea de los <em>Grupos Familiares<\/em>. Aqu\u00ed los diferentes niveles de liderazgo y hermanos de la iglesia tienen a su disposici\u00f3n diferentes recursos y enlaces a los formularios para hacer y enviar los reportes que se utilizan en los grupos familiares.<\/p>\n\n\n\n<p class=\"has-medium-font-size\">Los nuevos miembros tambi\u00e9n podr\u00e1n llenar su <em><strong>Registro de Membres\u00eda<\/strong><\/em> desde este sitio. <\/p>\n\n\n\n<p class=\"has-medium-font-size\">Para acceder a algunos formularios usted necesitar\u00e1 una contrase\u00f1a, si no la tiene p\u00eddala a su l\u00edder inmediato o solic\u00edtela en la secretar\u00eda de la iglesia llamando al 469-730-3584. La informaci\u00f3n enviada es administrada privadamente por la secretar\u00eda de la iglesia. No compartimos datos con terceros. <\/p>\n\n\n\n<p class=\"has-medium-font-size\">La p\u00e1gina de cada formulario tiene una contrase\u00f1a diferente. Para empezar, d\u00e9 clic donde corresponde. <\/p>\n\n\n\n<ol class=\"has-medium-font-size wp-block-list\"><li><a href=\"https:\/\/ministeriosayo.org\/grupos\/index.php\/reportedellider\/\" target=\"_blank\" rel=\"noreferrer noopener\">Reporte de l\u00edder<\/a> (con contrase\u00f1a).<\/li><li><a href=\"https:\/\/ministeriosayo.org\/grupos\/index.php\/membresia\/\" target=\"_blank\" rel=\"noreferrer noopener\">Registro de membres\u00eda<\/a> (con contrase\u00f1a).<\/li><li><a href=\"https:\/\/ministeriosayo.org\/grupos\/index.php\/peticiones\/\" target=\"_blank\" rel=\"noreferrer noopener\">Petici\u00f3n de oraci\u00f3n.<\/a><\/li><\/ol>\n","protected":false},"excerpt":{"rendered":"<p>\u00a1Bienvenido! Al espacio en l\u00ednea de los Grupos Familiares. Aqu\u00ed los diferentes niveles de liderazgo y hermanos de la iglesia tienen a su disposici\u00f3n diferentes recursos y enlaces a los formularios para hacer y enviar los reportes que se utilizan en los grupos familiares. Los nuevos miembros tambi\u00e9n podr\u00e1n llenar su Registro de Membres\u00eda desde este sitio. Para acceder a<\/p>\n<p><a class=\"more-link\" href=\"https:\/\/ministeriosayo.org\/grupos\/\">Leer m\u00e1s<\/a><\/p>\n","protected":false},"author":1,"featured_media":0,"parent":0,"menu_order":0,"comment_status":"closed","ping_status":"closed","template":"","meta":{"footnotes":""},"class_list":["post-2","page","type-page","status-publish","hentry"],"yoast_head":"<!-- This site is optimized with the Yoast SEO plugin v27.5 - https:\/\/yoast.com\/product\/yoast-seo-wordpress\/ -->\n<title>Inicio - Iglesia Evang\u00e9lica Alpha y Omega<\/title>\n<meta name=\"robots\" content=\"noindex, nofollow\" \/>\n<meta property=\"og:locale\" content=\"es_ES\" \/>\n<meta property=\"og:type\" content=\"article\" \/>\n<meta property=\"og:title\" content=\"Inicio - Iglesia Evang\u00e9lica Alpha y Omega\" \/>\n<meta property=\"og:description\" content=\"\u00a1Bienvenido! Al espacio en l\u00ednea de los Grupos Familiares. Aqu\u00ed los diferentes niveles de liderazgo y hermanos de la iglesia tienen a su disposici\u00f3n diferentes recursos y enlaces a los formularios para hacer y enviar los reportes que se utilizan en los grupos familiares. Los nuevos miembros tambi\u00e9n podr\u00e1n llenar su Registro de Membres\u00eda desde este sitio. Para acceder aLeer m\u00e1s\" \/>\n<meta property=\"og:url\" content=\"https:\/\/ministeriosayo.org\/grupos\/\" \/>\n<meta property=\"og:site_name\" content=\"Iglesia Evang\u00e9lica Alpha y Omega\" \/>\n<meta property=\"article:modified_time\" content=\"2022-08-01T14:52:48+00:00\" \/>\n<meta name=\"twitter:card\" content=\"summary_large_image\" \/>\n<meta name=\"twitter:label1\" content=\"Tiempo de lectura\" \/>\n\t<meta name=\"twitter:data1\" content=\"1 minuto\" \/>\n<script type=\"application\/ld+json\" class=\"yoast-schema-graph\">{\"@context\":\"https:\\\/\\\/schema.org\",\"@graph\":[{\"@type\":\"WebPage\",\"@id\":\"https:\\\/\\\/ministeriosayo.org\\\/grupos\\\/\",\"url\":\"https:\\\/\\\/ministeriosayo.org\\\/grupos\\\/\",\"name\":\"Inicio - Iglesia Evang\u00e9lica Alpha y Omega\",\"isPartOf\":{\"@id\":\"https:\\\/\\\/ministeriosayo.org\\\/grupos\\\/#website\"},\"datePublished\":\"2022-07-29T20:15:04+00:00\",\"dateModified\":\"2022-08-01T14:52:48+00:00\",\"breadcrumb\":{\"@id\":\"https:\\\/\\\/ministeriosayo.org\\\/grupos\\\/#breadcrumb\"},\"inLanguage\":\"es\",\"potentialAction\":[{\"@type\":\"ReadAction\",\"target\":[\"https:\\\/\\\/ministeriosayo.org\\\/grupos\\\/\"]}]},{\"@type\":\"BreadcrumbList\",\"@id\":\"https:\\\/\\\/ministeriosayo.org\\\/grupos\\\/#breadcrumb\",\"itemListElement\":[{\"@type\":\"ListItem\",\"position\":1,\"name\":\"Portada\",\"item\":\"https:\\\/\\\/ministeriosayo.org\\\/grupos\\\/\"},{\"@type\":\"ListItem\",\"position\":2,\"name\":\"Inicio\"}]},{\"@type\":\"WebSite\",\"@id\":\"https:\\\/\\\/ministeriosayo.org\\\/grupos\\\/#website\",\"url\":\"https:\\\/\\\/ministeriosayo.org\\\/grupos\\\/\",\"name\":\"Iglesia Evang\u00e9lica Alpha y Omega\",\"description\":\"Recursos para los Grupos Familiares\",\"publisher\":{\"@id\":\"https:\\\/\\\/ministeriosayo.org\\\/grupos\\\/#organization\"},\"potentialAction\":[{\"@type\":\"SearchAction\",\"target\":{\"@type\":\"EntryPoint\",\"urlTemplate\":\"https:\\\/\\\/ministeriosayo.org\\\/grupos\\\/?s={search_term_string}\"},\"query-input\":{\"@type\":\"PropertyValueSpecification\",\"valueRequired\":true,\"valueName\":\"search_term_string\"}}],\"inLanguage\":\"es\"},{\"@type\":\"Organization\",\"@id\":\"https:\\\/\\\/ministeriosayo.org\\\/grupos\\\/#organization\",\"name\":\"Iglesia Evang\u00e9lica Alpha y Omega\",\"url\":\"https:\\\/\\\/ministeriosayo.org\\\/grupos\\\/\",\"logo\":{\"@type\":\"ImageObject\",\"inLanguage\":\"es\",\"@id\":\"https:\\\/\\\/ministeriosayo.org\\\/grupos\\\/#\\\/schema\\\/logo\\\/image\\\/\",\"url\":\"https:\\\/\\\/ministeriosayo.org\\\/grupos\\\/wp-content\\\/uploads\\\/2022\\\/07\\\/logoreal.png\",\"contentUrl\":\"https:\\\/\\\/ministeriosayo.org\\\/grupos\\\/wp-content\\\/uploads\\\/2022\\\/07\\\/logoreal.png\",\"width\":763,\"height\":634,\"caption\":\"Iglesia Evang\u00e9lica Alpha y Omega\"},\"image\":{\"@id\":\"https:\\\/\\\/ministeriosayo.org\\\/grupos\\\/#\\\/schema\\\/logo\\\/image\\\/\"}}]}<\/script>\n<!-- \/ Yoast SEO plugin. -->","yoast_head_json":{"title":"Inicio - Iglesia Evang\u00e9lica Alpha y Omega","robots":{"index":"noindex","follow":"nofollow"},"og_locale":"es_ES","og_type":"article","og_title":"Inicio - Iglesia Evang\u00e9lica Alpha y Omega","og_description":"\u00a1Bienvenido! Al espacio en l\u00ednea de los Grupos Familiares. Aqu\u00ed los diferentes niveles de liderazgo y hermanos de la iglesia tienen a su disposici\u00f3n diferentes recursos y enlaces a los formularios para hacer y enviar los reportes que se utilizan en los grupos familiares. Los nuevos miembros tambi\u00e9n podr\u00e1n llenar su Registro de Membres\u00eda desde este sitio. Para acceder aLeer m\u00e1s","og_url":"https:\/\/ministeriosayo.org\/grupos\/","og_site_name":"Iglesia Evang\u00e9lica Alpha y Omega","article_modified_time":"2022-08-01T14:52:48+00:00","twitter_card":"summary_large_image","twitter_misc":{"Tiempo de lectura":"1 minuto"},"schema":{"@context":"https:\/\/schema.org","@graph":[{"@type":"WebPage","@id":"https:\/\/ministeriosayo.org\/grupos\/","url":"https:\/\/ministeriosayo.org\/grupos\/","name":"Inicio - Iglesia Evang\u00e9lica Alpha y Omega","isPartOf":{"@id":"https:\/\/ministeriosayo.org\/grupos\/#website"},"datePublished":"2022-07-29T20:15:04+00:00","dateModified":"2022-08-01T14:52:48+00:00","breadcrumb":{"@id":"https:\/\/ministeriosayo.org\/grupos\/#breadcrumb"},"inLanguage":"es","potentialAction":[{"@type":"ReadAction","target":["https:\/\/ministeriosayo.org\/grupos\/"]}]},{"@type":"BreadcrumbList","@id":"https:\/\/ministeriosayo.org\/grupos\/#breadcrumb","itemListElement":[{"@type":"ListItem","position":1,"name":"Portada","item":"https:\/\/ministeriosayo.org\/grupos\/"},{"@type":"ListItem","position":2,"name":"Inicio"}]},{"@type":"WebSite","@id":"https:\/\/ministeriosayo.org\/grupos\/#website","url":"https:\/\/ministeriosayo.org\/grupos\/","name":"Iglesia Evang\u00e9lica Alpha y Omega","description":"Recursos para los Grupos Familiares","publisher":{"@id":"https:\/\/ministeriosayo.org\/grupos\/#organization"},"potentialAction":[{"@type":"SearchAction","target":{"@type":"EntryPoint","urlTemplate":"https:\/\/ministeriosayo.org\/grupos\/?s={search_term_string}"},"query-input":{"@type":"PropertyValueSpecification","valueRequired":true,"valueName":"search_term_string"}}],"inLanguage":"es"},{"@type":"Organization","@id":"https:\/\/ministeriosayo.org\/grupos\/#organization","name":"Iglesia Evang\u00e9lica Alpha y Omega","url":"https:\/\/ministeriosayo.org\/grupos\/","logo":{"@type":"ImageObject","inLanguage":"es","@id":"https:\/\/ministeriosayo.org\/grupos\/#\/schema\/logo\/image\/","url":"https:\/\/ministeriosayo.org\/grupos\/wp-content\/uploads\/2022\/07\/logoreal.png","contentUrl":"https:\/\/ministeriosayo.org\/grupos\/wp-content\/uploads\/2022\/07\/logoreal.png","width":763,"height":634,"caption":"Iglesia Evang\u00e9lica Alpha y Omega"},"image":{"@id":"https:\/\/ministeriosayo.org\/grupos\/#\/schema\/logo\/image\/"}}]}},"_links":{"self":[{"href":"https:\/\/ministeriosayo.org\/grupos\/index.php\/wp-json\/wp\/v2\/pages\/2","targetHints":{"allow":["GET"]}}],"collection":[{"href":"https:\/\/ministeriosayo.org\/grupos\/index.php\/wp-json\/wp\/v2\/pages"}],"about":[{"href":"https:\/\/ministeriosayo.org\/grupos\/index.php\/wp-json\/wp\/v2\/types\/page"}],"author":[{"embeddable":true,"href":"https:\/\/ministeriosayo.org\/grupos\/index.php\/wp-json\/wp\/v2\/users\/1"}],"replies":[{"embeddable":true,"href":"https:\/\/ministeriosayo.org\/grupos\/index.php\/wp-json\/wp\/v2\/comments?post=2"}],"version-history":[{"count":40,"href":"https:\/\/ministeriosayo.org\/grupos\/index.php\/wp-json\/wp\/v2\/pages\/2\/revisions"}],"predecessor-version":[{"id":306,"href":"https:\/\/ministeriosayo.org\/grupos\/index.php\/wp-json\/wp\/v2\/pages\/2\/revisions\/306"}],"wp:attachment":[{"href":"https:\/\/ministeriosayo.org\/grupos\/index.php\/wp-json\/wp\/v2\/media?parent=2"}],"curies":[{"name":"wp","href":"https:\/\/api.w.org\/{rel}","templated":true}]}}